{"id":54756,"date":"2026-04-20T22:21:05","date_gmt":"2026-04-20T22:21:05","guid":{"rendered":"https:\/\/chocolaeg.com\/?page_id=54756"},"modified":"2026-04-20T22:21:05","modified_gmt":"2026-04-20T22:21:05","slug":"discover-more-at-a-rabona-casino-konnyu-regisztracios-folyamatot-gyors-befizeteseket-es-villamgyors-kifizeteseket-kinal-igy-zokkenomentesen-elvezheti-az-online-szerencsejatek-vi","status":"publish","type":"page","link":"https:\/\/chocolaeg.com\/index.php\/discover-more-at-a-rabona-casino-konnyu-regisztracios-folyamatot-gyors-befizeteseket-es-villamgyors-kifizeteseket-kinal-igy-zokkenomentesen-elvezheti-az-online-szerencsejatek-vi\/","title":{"rendered":"<div style=\"position: absolute; left: -7566px;\"><p>Discover more at A <a href=\"https:\/\/rabona.hu.net\/\">Rabona casino<\/a> k\u00f6nny\u0171 regisztr\u00e1ci\u00f3s folyamatot, gyors befizet\u00e9seket \u00e9s vill\u00e1mgyors kifizet\u00e9seket k\u00edn\u00e1l, \u00edgy z\u00f6kken\u0151mentesen \u00e9lvezheti az online szerencsej\u00e1t\u00e9k vi.<\/p><\/div>"},"content":{"rendered":"","protected":false},"excerpt":{"rendered":"","protected":false},"author":130698,"featured_media":0,"parent":0,"menu_order":0,"comment_status":"closed","ping_status":"closed","template":"","meta":{"site-sidebar-layout":"default","site-content-layout":"","ast-site-content-layout":"default","site-content-style":"default","site-sidebar-style":"default","ast-global-header-display":"","ast-banner-title-visibility":"","ast-main-header-display":"","ast-hfb-above-header-display":"","ast-hfb-below-header-display":"","ast-hfb-mobile-header-display":"","site-post-title":"","ast-breadcrumbs-content":"","ast-featured-img":"","footer-sml-layout":"","ast-disable-related-posts":"","theme-transparent-header-meta":"","adv-header-id-meta":"","stick-header-meta":"","header-above-stick-meta":"","header-main-stick-meta":"","header-below-stick-meta":"","astra-migrate-meta-layouts":"default","ast-page-background-enabled":"default","ast-page-background-meta":{"desktop":{"background-color":"var(--ast-global-color-4)","background-image":"","background-repeat":"repeat","background-position":"center center","background-size":"auto","background-attachment":"scroll","background-type":"","background-media":"","overlay-type":"","overlay-color":"","overlay-opacity":"","overlay-gradient":""},"tablet":{"background-color":"","background-image":"","background-repeat":"repeat","background-position":"center center","background-size":"auto","background-attachment":"scroll","background-type":"","background-media":"","overlay-type":"","overlay-color":"","overlay-opacity":"","overlay-gradient":""},"mobile":{"background-color":"","background-image":"","background-repeat":"repeat","background-position":"center center","background-size":"auto","background-attachment":"scroll","background-type":"","background-media":"","overlay-type":"","overlay-color":"","overlay-opacity":"","overlay-gradient":""}},"ast-content-background-meta":{"desktop":{"background-color":"var(--ast-global-color-5)","background-image":"","background-repeat":"repeat","background-position":"center center","background-size":"auto","background-attachment":"scroll","background-type":"","background-media":"","overlay-type":"","overlay-color":"","overlay-opacity":"","overlay-gradient":""},"tablet":{"background-color":"var(--ast-global-color-5)","background-image":"","background-repeat":"repeat","background-position":"center center","background-size":"auto","background-attachment":"scroll","background-type":"","background-media":"","overlay-type":"","overlay-color":"","overlay-opacity":"","overlay-gradient":""},"mobile":{"background-color":"var(--ast-global-color-5)","background-image":"","background-repeat":"repeat","background-position":"center center","background-size":"auto","background-attachment":"scroll","background-type":"","background-media":"","overlay-type":"","overlay-color":"","overlay-opacity":"","overlay-gradient":""}},"footnotes":""},"class_list":["post-54756","page","type-page","status-publish","hentry"],"_links":{"self":[{"href":"https:\/\/chocolaeg.com\/index.php\/wp-json\/wp\/v2\/pages\/54756","targetHints":{"allow":["GET"]}}],"collection":[{"href":"https:\/\/chocolaeg.com\/index.php\/wp-json\/wp\/v2\/pages"}],"about":[{"href":"https:\/\/chocolaeg.com\/index.php\/wp-json\/wp\/v2\/types\/page"}],"author":[{"embeddable":true,"href":"https:\/\/chocolaeg.com\/index.php\/wp-json\/wp\/v2\/users\/130698"}],"replies":[{"embeddable":true,"href":"https:\/\/chocolaeg.com\/index.php\/wp-json\/wp\/v2\/comments?post=54756"}],"version-history":[{"count":1,"href":"https:\/\/chocolaeg.com\/index.php\/wp-json\/wp\/v2\/pages\/54756\/revisions"}],"predecessor-version":[{"id":54758,"href":"https:\/\/chocolaeg.com\/index.php\/wp-json\/wp\/v2\/pages\/54756\/revisions\/54758"}],"wp:attachment":[{"href":"https:\/\/chocolaeg.com\/index.php\/wp-json\/wp\/v2\/media?parent=54756"}],"curies":[{"name":"wp","href":"https:\/\/api.w.org\/{rel}","templated":true}]}}