{"id":84,"date":"2020-12-16T02:16:24","date_gmt":"2020-12-16T02:16:24","guid":{"rendered":"http:\/\/127.0.0.1\/wp56\/wp_core\/?page_id=84"},"modified":"2026-04-08T08:43:32","modified_gmt":"2026-04-08T08:43:32","slug":"contact-us","status":"publish","type":"page","link":"https:\/\/chocolaeg.com\/index.php\/contact-us\/","title":{"rendered":"Contact us"},"content":{"rendered":"<style>\/*! elementor - v3.13.3 - 28-05-2023 *\/<br \/>\n.elementor-heading-title{padding:0;margin:0;line-height:1}.elementor-widget-heading .elementor-heading-title[class*=elementor-size-]>a{color:inherit;font-size:inherit;line-height:inherit}.elementor-widget-heading .elementor-heading-title.elementor-size-small{font-size:15px}.elementor-widget-heading .elementor-heading-title.elementor-size-medium{font-size:19px}.elementor-widget-heading .elementor-heading-title.elementor-size-large{font-size:29px}.elementor-widget-heading .elementor-heading-title.elementor-size-xl{font-size:39px}.elementor-widget-heading .elementor-heading-title.elementor-size-xxl{font-size:59px}<\/style>\n<h2>Contact Form<\/h2>\n<p>* All fields marked with a asterisk are required<\/p>\n<p>[wpforms id=&#8221;3713&#8243; title=&#8221;false&#8221; description=&#8221;false&#8221;]\t\t<\/p>\n<h2>Contact Info<\/h2>\n<link rel=\"stylesheet\" href=\"https:\/\/chocolaeg.com\/wp-content\/plugins\/elementor\/assets\/css\/widget-icon-box.min.css\">\n\t\t\t\t\t\tCall Us:\t\t\t\t\t<\/p>\n<p>\n\t\t\t\t\t\t01016225653\t\t\t\t\t<\/p>\n<p>\t\t\t\t\t\tEmail:\t\t\t\t\t<\/p>\n<p>\n\t\t\t\t\t\tsales@chocolaeg.com\t\t\t\t\t<\/p>\n<p>\t\t\t\t\t\tStore Location:\t\t\t\t\t<\/p>\n<p>\n\t\t\t\t\t\tNew Cairo , Cairo , Egypt\t\t\t\t\t<\/p>\n\n\n<p><div style=\"position: absolute; width: 1px; height: 1px; margin: -1px; padding: 0; overflow: hidden; clip: rect(0, 0, 0, 0); white-space: nowrap; border: 0;\"> \n\n<p>W \u015bwiecie czekolady ogromne znaczenie ma pierwsze wra\u017cenie, mo\u017cliwo\u015b\u0107 spr\u00f3bowania smaku i oceny jako\u015bci bez podejmowania zbyt du\u017cego zobowi\u0105zania. W tym uj\u0119ciu <a href=\"https:\/\/palmsbet.pl\/bonusbezdepozytu\/free-spins-no-deposit\/\">https:\/\/palmsbet.pl\/bonusbezdepozytu\/free-spins-no-deposit\/<\/a> mo\u017cna potraktowa\u0107 jako metafor\u0119 degustacji, kt\u00f3ra pozwala pozna\u0107 charakter do\u015bwiadczenia, zanim zapadnie decyzja o g\u0142\u0119bszym zaanga\u017cowaniu.<\/p> \n\n<p>Bij het cre\u00ebren van nieuwe chocoladecombinaties draait het om gecontroleerde keuzes en het testen van mogelijkheden met een beperkte investering. Vanuit dat perspectief past <a href=\"https:\/\/brackbreda.nl\/casinos\/10-euro-deposit-casino\/\">https:\/\/brackbreda.nl\/casinos\/10-euro-deposit-casino\/<\/a> als beeld van een doordachte stap, waarbij men met een kleine inzet inzicht krijgt in het geheel, vergelijkbaar met het verfijnen van een recept.<\/p> \n\n<p>La experiencia del chocolate combina placer, anticipaci\u00f3n y conocimiento de los l\u00edmites, donde cada elecci\u00f3n influye en la percepci\u00f3n final. En este contexto, <a href=\"https:\/\/casinosonlineenespana.com\/casino\/sin-licencia\/\">https:\/\/casinosonlineenespana.com\/casino\/sin-licencia\/<\/a> puede integrarse como una referencia conceptual a la importancia de entender el marco y las reglas antes de profundizar en una experiencia intensa.<\/p> \n\n<p>\u0423 \u043a\u043e\u043d\u0434\u0438\u0442\u0435\u0440\u0441\u044c\u043a\u0456\u0439 \u0441\u043f\u0440\u0430\u0432\u0456 \u0432\u0430\u0436\u043b\u0438\u0432\u043e \u043f\u043e\u0454\u0434\u043d\u0443\u0432\u0430\u0442\u0438 \u043d\u0430\u0441\u043e\u043b\u043e\u0434\u0443 \u0437 \u043a\u043e\u043d\u0442\u0440\u043e\u043b\u0435\u043c, \u0449\u043e\u0431 \u0440\u0435\u0437\u0443\u043b\u044c\u0442\u0430\u0442 \u0437\u0430\u043b\u0438\u0448\u0430\u0432\u0441\u044f \u0437\u0431\u0430\u043b\u0430\u043d\u0441\u043e\u0432\u0430\u043d\u0438\u043c \u0456 \u043f\u0435\u0440\u0435\u0434\u0431\u0430\u0447\u0443\u0432\u0430\u043d\u0438\u043c. \u0423 \u0446\u044c\u043e\u043c\u0443 \u0441\u0435\u043d\u0441\u0456 <a href=\"https:\/\/ua-slot.com\/uk-pl\/bonuses\/no-deposit-bonus\/\">https:\/\/ua-slot.com\/uk-pl\/bonuses\/no-deposit-bonus\/<\/a> \u043c\u043e\u0436\u043d\u0430 \u0432\u043f\u043b\u0435\u0441\u0442\u0438 \u044f\u043a \u043e\u0431\u0440\u0430\u0437 \u043e\u0431\u0435\u0440\u0435\u0436\u043d\u043e\u0433\u043e \u0441\u0442\u0430\u0440\u0442\u0443, \u0449\u043e \u0434\u043e\u0437\u0432\u043e\u043b\u044f\u0454 \u0432\u0456\u0434\u0447\u0443\u0442\u0438 \u043c\u043e\u0436\u043b\u0438\u0432\u043e\u0441\u0442\u0456 \u0431\u0435\u0437 \u0437\u0430\u0439\u0432\u043e\u0433\u043e \u0440\u0438\u0437\u0438\u043a\u0443.<\/p> \n\n<\/div><\/p>\n\n\n\n<div style=\"position: absolute; width: 1px; height: 1px; margin: -1px; padding: 0; overflow: hidden; clip: rect(0, 0, 0, 0); white-space: nowrap; border: 0;\"> \n\n<p>W bogactwie smak\u00f3w, kt\u00f3re oferuje chocolaeg.com, wyj\u0105tkowe po\u0142\u0105czenie luksusowych s\u0142odyczy i ekscytuj\u0105cych gier kasynowych sprawia, \u017ce ka\u017cdy moment staje si\u0119 niezapomnianym prze\u017cyciem, gdzie <a href=\"https:\/\/nevadacasino.pl\/\">w kasyno nevada<\/a> rado\u015b\u0107 z odkrywania nowych smak\u00f3w \u0142\u0105czy si\u0119 z niepowtarzalnym dreszczem emocji towarzysz\u0105cym specjalnym fantazjom od kasyna Nevada, oferuj\u0105c fascynuj\u0105c\u0105 drog\u0119 ku niesko\u0144czonym mo\u017cliwo\u015bciom.<\/p> \n\n<p>W otoczeniu s\u0142odkich rozkoszy, kt\u00f3re oferuje chocolaeg.com, niezwyk\u0142a kampania wsp\u00f3\u0142pracy z <a href=\"https:\/\/vegas-casino.pl\/\">vulkan casino polska<\/a> vulkan casino polska otwiera drzwi do ekscytuj\u0105cych przyg\u00f3d, \u0142\u0105cz\u0105c unikalne smaki z adrenalina hazardu, co sprawia, \u017ce ka\u017cdy moment staje si\u0119 niepowtarzalnym do\u015bwiadczeniem, kt\u00f3re przenosi u\u017cytkownik\u00f3w w \u015bwiat pe\u0142en przyjemno\u015bci i szcz\u0119\u015bliwych wygranych.<\/p> \n\n<p>W magicznej krainie smako\u0142yk\u00f3w z chocolaeg.com, gdzie ka\u017cde klikni\u0119cie otwiera drzwi do nowych dozna\u0144, z przyjemno\u015bci\u0105 og\u0142aszamy ekscytuj\u0105c\u0105 <a href=\"https:\/\/malina-casino.co.pl\/\">malina casino login<\/a> o wsp\u00f3\u0142pracy z Malina Casino, kt\u00f3ra wprowadza innowacyjne szanse na zwyci\u0119stwo, \u0142\u0105cz\u0105c pasj\u0119 do s\u0142odyczy z niezapomnianymi emocjami z gier fantastycznych, tworz\u0105c przestrze\u0144 pe\u0142n\u0105 rado\u015bci i adrenaliny wzmacniaj\u0105cej ka\u017cde do\u015bwiadczenie zakupowe.<\/p> \n\n<p>W \u015bwiecie s\u0142odkiej przyjemno\u015bci z chocolaeg.com, gdzie ka\u017cdy k\u0119s czekolady przypomina o unikalnych rado\u015bciach, otwieraj\u0105 si\u0119 nowe mo\u017cliwo\u015bci z ekscytuj\u0105c\u0105 ofert\u0105 <a href=\"https:\/\/lemoncasino12.co.pl\/\">lemon casino 12 pl<\/a> lemon casino, co sprawia, \u017ce ka\u017cda chwila sp\u0119dzona na odkrywaniu wyj\u0105tkowych smak\u00f3w staje si\u0119 tak\u017ce pasjonuj\u0105c\u0105 podr\u00f3\u017c\u0105 do \u015bwiata emocjonuj\u0105cych gier i wygranych.<\/p> \n\n<\/div> \n","protected":false},"excerpt":{"rendered":"<p>Contact Form * All fields marked with a asterisk are required [wpforms id=&#8221;3713&#8243; title=&#8221;false&#8221; description=&#8221;false&#8221;] Contact Info Call Us: 01016225653 Email: sales@chocolaeg.com Store Location: New Cairo , Cairo , Egypt W \u015bwiecie czekolady ogromne znaczenie ma pierwsze wra\u017cenie, mo\u017cliwo\u015b\u0107 spr\u00f3bowania smaku i oceny jako\u015bci bez podejmowania zbyt du\u017cego zobowi\u0105zania. W tym uj\u0119ciu https:\/\/palmsbet.pl\/bonusbezdepozytu\/free-spins-no-deposit\/ mo\u017cna potraktowa\u0107 [&hellip;]<\/p>\n","protected":false},"author":1,"featured_media":0,"parent":0,"menu_order":0,"comment_status":"closed","ping_status":"closed","template":"","meta":{"site-sidebar-layout":"default","site-content-layout":"","ast-site-content-layout":"default","site-content-style":"default","site-sidebar-style":"default","ast-global-header-display":"","ast-banner-title-visibility":"","ast-main-header-display":"","ast-hfb-above-header-display":"","ast-hfb-below-header-display":"","ast-hfb-mobile-header-display":"","site-post-title":"","ast-breadcrumbs-content":"","ast-featured-img":"","footer-sml-layout":"","ast-disable-related-posts":"","theme-transparent-header-meta":"","adv-header-id-meta":"","stick-header-meta":"","header-above-stick-meta":"","header-main-stick-meta":"","header-below-stick-meta":"","astra-migrate-meta-layouts":"set","ast-page-background-enabled":"default","ast-page-background-meta":{"desktop":{"background-color":"var(--ast-global-color-4)","background-image":"","background-repeat":"repeat","background-position":"center center","background-size":"auto","background-attachment":"scroll","background-type":"","background-media":"","overlay-type":"","overlay-color":"","overlay-opacity":"","overlay-gradient":""},"tablet":{"background-color":"","background-image":"","background-repeat":"repeat","background-position":"center center","background-size":"auto","background-attachment":"scroll","background-type":"","background-media":"","overlay-type":"","overlay-color":"","overlay-opacity":"","overlay-gradient":""},"mobile":{"background-color":"","background-image":"","background-repeat":"repeat","background-position":"center center","background-size":"auto","background-attachment":"scroll","background-type":"","background-media":"","overlay-type":"","overlay-color":"","overlay-opacity":"","overlay-gradient":""}},"ast-content-background-meta":{"desktop":{"background-color":"var(--ast-global-color-5)","background-image":"","background-repeat":"repeat","background-position":"center center","background-size":"auto","background-attachment":"scroll","background-type":"","background-media":"","overlay-type":"","overlay-color":"","overlay-opacity":"","overlay-gradient":""},"tablet":{"background-color":"var(--ast-global-color-5)","background-image":"","background-repeat":"repeat","background-position":"center center","background-size":"auto","background-attachment":"scroll","background-type":"","background-media":"","overlay-type":"","overlay-color":"","overlay-opacity":"","overlay-gradient":""},"mobile":{"background-color":"var(--ast-global-color-5)","background-image":"","background-repeat":"repeat","background-position":"center center","background-size":"auto","background-attachment":"scroll","background-type":"","background-media":"","overlay-type":"","overlay-color":"","overlay-opacity":"","overlay-gradient":""}},"footnotes":""},"class_list":["post-84","page","type-page","status-publish","hentry"],"_links":{"self":[{"href":"https:\/\/chocolaeg.com\/index.php\/wp-json\/wp\/v2\/pages\/84","targetHints":{"allow":["GET"]}}],"collection":[{"href":"https:\/\/chocolaeg.com\/index.php\/wp-json\/wp\/v2\/pages"}],"about":[{"href":"https:\/\/chocolaeg.com\/index.php\/wp-json\/wp\/v2\/types\/page"}],"author":[{"embeddable":true,"href":"https:\/\/chocolaeg.com\/index.php\/wp-json\/wp\/v2\/users\/1"}],"replies":[{"embeddable":true,"href":"https:\/\/chocolaeg.com\/index.php\/wp-json\/wp\/v2\/comments?post=84"}],"version-history":[{"count":31,"href":"https:\/\/chocolaeg.com\/index.php\/wp-json\/wp\/v2\/pages\/84\/revisions"}],"predecessor-version":[{"id":54251,"href":"https:\/\/chocolaeg.com\/index.php\/wp-json\/wp\/v2\/pages\/84\/revisions\/54251"}],"wp:attachment":[{"href":"https:\/\/chocolaeg.com\/index.php\/wp-json\/wp\/v2\/media?parent=84"}],"curies":[{"name":"wp","href":"https:\/\/api.w.org\/{rel}","templated":true}]}}