{"id":23442,"date":"2024-06-10T15:35:35","date_gmt":"2024-06-10T15:35:35","guid":{"rendered":"https:\/\/chocolaeg.com\/?post_type=product&#038;p=23442"},"modified":"2026-04-19T07:59:29","modified_gmt":"2026-04-19T07:59:29","slug":"red-kidney-beans-smart-value","status":"publish","type":"product","link":"https:\/\/chocolaeg.com\/index.php\/product\/red-kidney-beans-smart-value\/","title":{"rendered":"Rice Paper 100g"},"content":{"rendered":"<div class=\"Y3BBE\" data-sfc-cp=\"\" data-hveid=\"CAIQAA\" data-complete=\"true\" data-processed=\"true\"><strong class=\"Yjhzub\" data-complete=\"true\" data-processed=\"true\">B\u00e1nh \u0110a Nem L\u00e0ng Ch\u1ec1u<\/strong>\u00a0are traditional Vietnamese\u00a0<strong class=\"Yjhzub\" data-complete=\"true\" data-processed=\"true\">rice paper wrappers<\/strong> used for making spring rolls. This specific product is a specialty from the craft village of L\u00e0ng Ch\u1ec1u in H\u00e0 Nam province, Vietnam.<span class=\"uJ19be notranslate\" data-wiz-uids=\"tXwRee_l,tXwRee_m\" data-complete=\"true\" data-processed=\"true\"><span class=\"vKEkVd\" data-animation-atomic=\"\" data-wiz-attrbind=\"class=tXwRee_k\/TKHnVd\" data-sae=\"\"><span aria-hidden=\"true\">\u00a0<\/span><button class=\"rBl3me\" tabindex=\"0\" data-amic=\"true\" data-icl-uuid=\"05069718-298c-4ad8-a9f0-3e98a856a700\" aria-label=\"View related links\" data-wiz-attrbind=\"disabled=tXwRee_k\/C5gNJc;aria-label=tXwRee_k\/bOjMyf;class=tXwRee_k\/UpSNec\" data-ved=\"2ahUKEwja6eni1L2SAxUpNxAIHbMlAWsQye0OegQIAhAB\"><\/button><\/span><\/span><\/div>\n<ul class=\"KsbFXc U6u95\" data-complete=\"true\" data-processed=\"true\">\n<li data-hveid=\"CAQQAA\" data-complete=\"true\" data-sae=\"\"><span class=\"T286Pc\" data-sfc-cp=\"\" data-complete=\"true\"><strong class=\"Yjhzub\" data-complete=\"true\">Type:<\/strong>\u00a0Rice paper wrappers, also known as\u00a0<em class=\"eujQNb\" data-complete=\"true\">b\u00e1nh tr\u00e1ng<\/em>.<\/span><\/li>\n<li data-hveid=\"CAQQAg\" data-complete=\"true\" data-sae=\"\"><span class=\"T286Pc\" data-sfc-cp=\"\" data-complete=\"true\"><strong class=\"Yjhzub\" data-complete=\"true\">Ingredients:<\/strong>\u00a0Primarily made from rice flour (<em class=\"eujQNb\" data-complete=\"true\">tinh b\u1ed9t g\u1ea1o<\/em>) and salt, with water. They contain no preservatives or chemical flavorings.<\/span><\/li>\n<li data-hveid=\"CAQQAw\" data-complete=\"true\" data-sae=\"\"><span class=\"T286Pc\" data-sfc-cp=\"\" data-complete=\"true\"><strong class=\"Yjhzub\" data-complete=\"true\">Characteristics:<\/strong>\u00a0The wrappers are known for their moderate elasticity and flexibility, making them easy to roll without tearing. When fried, they become golden and crispy. They can also be used fresh for salad rolls (<em class=\"eujQNb\" data-complete=\"true\">g\u1ecfi cu\u1ed1n<\/em>) after being briefly dipped in warm water.<\/span><\/li>\n<li data-hveid=\"CAQQBA\" data-complete=\"true\" data-sae=\"\"><span class=\"T286Pc\" data-sfc-cp=\"\" data-complete=\"true\" aria-owns=\"action-menu-parent-container\"><strong class=\"Yjhzub\" data-complete=\"true\">Packaging:<\/strong> The package in the image contains 20 sheets.<\/span><\/li>\n<\/ul>\n","protected":false},"excerpt":{"rendered":"<p>B\u00e1nh \u0110a Nem L\u00e0ng Ch\u1ec1u\u00a0are traditional Vietnamese\u00a0rice paper wrappers used for making spring rolls. This specific product is a specialty from the craft village of L\u00e0ng Ch\u1ec1u in H\u00e0 Nam province, Vietnam.\u00a0 Type:\u00a0Rice paper wrappers, also known as\u00a0b\u00e1nh tr\u00e1ng. Ingredients:\u00a0Primarily made from rice flour (tinh b\u1ed9t g\u1ea1o) and salt, with water. They contain no preservatives [&hellip;]<\/p>\n","protected":false},"featured_media":47961,"template":"","meta":{"site-sidebar-layout":"default","site-content-layout":"","ast-site-content-layout":"default","site-content-style":"default","site-sidebar-style":"default","ast-global-header-display":"","ast-banner-title-visibility":"","ast-main-header-display":"","ast-hfb-above-header-display":"","ast-hfb-below-header-display":"","ast-hfb-mobile-header-display":"","site-post-title":"","ast-breadcrumbs-content":"","ast-featured-img":"","footer-sml-layout":"","ast-disable-related-posts":"","theme-transparent-header-meta":"default","adv-header-id-meta":"","stick-header-meta":"","header-above-stick-meta":"","header-main-stick-meta":"","header-below-stick-meta":"","astra-migrate-meta-layouts":"set","ast-page-background-enabled":"default","ast-page-background-meta":{"desktop":{"background-color":"var(--ast-global-color-4)","background-image":"","background-repeat":"repeat","background-position":"center center","background-size":"auto","background-attachment":"scroll","background-type":"","background-media":"","overlay-type":"","overlay-color":"","overlay-opacity":"","overlay-gradient":""},"tablet":{"background-color":"","background-image":"","background-repeat":"repeat","background-position":"center center","background-size":"auto","background-attachment":"scroll","background-type":"","background-media":"","overlay-type":"","overlay-color":"","overlay-opacity":"","overlay-gradient":""},"mobile":{"background-color":"","background-image":"","background-repeat":"repeat","background-position":"center center","background-size":"auto","background-attachment":"scroll","background-type":"","background-media":"","overlay-type":"","overlay-color":"","overlay-opacity":"","overlay-gradient":""}},"ast-content-background-meta":{"desktop":{"background-color":"var(--ast-global-color-5)","background-image":"","background-repeat":"repeat","background-position":"center center","background-size":"auto","background-attachment":"scroll","background-type":"","background-media":"","overlay-type":"","overlay-color":"","overlay-opacity":"","overlay-gradient":""},"tablet":{"background-color":"var(--ast-global-color-5)","background-image":"","background-repeat":"repeat","background-position":"center center","background-size":"auto","background-attachment":"scroll","background-type":"","background-media":"","overlay-type":"","overlay-color":"","overlay-opacity":"","overlay-gradient":""},"mobile":{"background-color":"var(--ast-global-color-5)","background-image":"","background-repeat":"repeat","background-position":"center center","background-size":"auto","background-attachment":"scroll","background-type":"","background-media":"","overlay-type":"","overlay-color":"","overlay-opacity":"","overlay-gradient":""}}},"product_brand":[],"product_cat":[65,39],"product_tag":[],"class_list":{"0":"post-23442","1":"product","2":"type-product","3":"status-publish","4":"has-post-thumbnail","6":"product_cat-grocery","7":"product_cat-noodles","8":"desktop-align-center","9":"tablet-align-left","10":"mobile-align-left","12":"first","13":"instock","14":"shipping-taxable","15":"purchasable","16":"product-type-simple"},"supplier_id":null,"supplier_sku":"","barcode":null,"atum_controlled":true,"out_stock_date":null,"out_stock_threshold":null,"inheritable":false,"inbound_stock":0,"stock_on_hold":3,"sold_today":1,"sales_last_days":2,"reserved_stock":0,"customer_returns":0,"warehouse_damage":0,"lost_in_post":0,"other_logs":0,"out_stock_days":0,"lost_sales":0,"has_location":false,"update_date":"2026-04-19T07:59:36","atum_locations":[],"atum_stock_status":"instock","restock_status":true,"low_stock_amount":"","sales_update_date":"2026-04-19T07:59:36","calc_backorders":null,"_links":{"self":[{"href":"https:\/\/chocolaeg.com\/index.php\/wp-json\/wp\/v2\/product\/23442","targetHints":{"allow":["GET"]}}],"collection":[{"href":"https:\/\/chocolaeg.com\/index.php\/wp-json\/wp\/v2\/product"}],"about":[{"href":"https:\/\/chocolaeg.com\/index.php\/wp-json\/wp\/v2\/types\/product"}],"wp:featuredmedia":[{"embeddable":true,"href":"https:\/\/chocolaeg.com\/index.php\/wp-json\/wp\/v2\/media\/47961"}],"wp:attachment":[{"href":"https:\/\/chocolaeg.com\/index.php\/wp-json\/wp\/v2\/media?parent=23442"}],"wp:term":[{"taxonomy":"product_brand","embeddable":true,"href":"https:\/\/chocolaeg.com\/index.php\/wp-json\/wp\/v2\/product_brand?post=23442"},{"taxonomy":"product_cat","embeddable":true,"href":"https:\/\/chocolaeg.com\/index.php\/wp-json\/wp\/v2\/product_cat?post=23442"},{"taxonomy":"product_tag","embeddable":true,"href":"https:\/\/chocolaeg.com\/index.php\/wp-json\/wp\/v2\/product_tag?post=23442"}],"curies":[{"name":"wp","href":"https:\/\/api.w.org\/{rel}","templated":true}]}}