{"id":3480,"date":"2023-01-29T22:51:10","date_gmt":"2023-01-29T22:51:10","guid":{"rendered":"http:\/\/chocolaeg.com\/?post_type=product&#038;p=3480"},"modified":"2026-04-02T07:00:33","modified_gmt":"2026-04-02T07:00:33","slug":"lotus-spread-crunchy-400g","status":"publish","type":"product","link":"https:\/\/chocolaeg.com\/index.php\/product\/lotus-spread-crunchy-400g\/","title":{"rendered":"Latiao MU Qinzhai Blue"},"content":{"rendered":"<p>M\u00f9 Q\u012bn Zh\u0101i B\u0101 W\u00e1ng Q\u00edng R\u00e9n S\u012b is a type of Chinese seasoned flour product, commonly known as latiao. The product is described on the package as &#8220;re-invented, Q-elastic, spicy and more delicious&#8221;. The front of the package also has a halal food certification label.<br \/>\nLatiao are spicy gluten snacks made from wheat flour, water, salt, sugar, chili, and spices. They are often described as having a chewy texture and a combination of sweet, spicy, and savory flavors. They are a popular casual snack food in China.<\/p>\n","protected":false},"excerpt":{"rendered":"<p>M\u00f9 Q\u012bn Zh\u0101i B\u0101 W\u00e1ng Q\u00edng R\u00e9n S\u012b is a type of Chinese seasoned flour product, commonly known as latiao. The product is described on the package as &#8220;re-invented, Q-elastic, spicy and more delicious&#8221;. The front of the package also has a halal food certification label. Latiao are spicy gluten snacks made from wheat flour, [&hellip;]<\/p>\n","protected":false},"featured_media":39897,"template":"","meta":{"site-sidebar-layout":"default","site-content-layout":"","ast-site-content-layout":"default","site-content-style":"default","site-sidebar-style":"default","ast-global-header-display":"","ast-banner-title-visibility":"","ast-main-header-display":"","ast-hfb-above-header-display":"","ast-hfb-below-header-display":"","ast-hfb-mobile-header-display":"","site-post-title":"","ast-breadcrumbs-content":"","ast-featured-img":"","footer-sml-layout":"","ast-disable-related-posts":"","theme-transparent-header-meta":"default","adv-header-id-meta":"","stick-header-meta":"","header-above-stick-meta":"","header-main-stick-meta":"","header-below-stick-meta":"","astra-migrate-meta-layouts":"set","ast-page-background-enabled":"default","ast-page-background-meta":{"desktop":{"background-color":"var(--ast-global-color-4)","background-image":"","background-repeat":"repeat","background-position":"center center","background-size":"auto","background-attachment":"scroll","background-type":"","background-media":"","overlay-type":"","overlay-color":"","overlay-opacity":"","overlay-gradient":""},"tablet":{"background-color":"","background-image":"","background-repeat":"repeat","background-position":"center center","background-size":"auto","background-attachment":"scroll","background-type":"","background-media":"","overlay-type":"","overlay-color":"","overlay-opacity":"","overlay-gradient":""},"mobile":{"background-color":"","background-image":"","background-repeat":"repeat","background-position":"center center","background-size":"auto","background-attachment":"scroll","background-type":"","background-media":"","overlay-type":"","overlay-color":"","overlay-opacity":"","overlay-gradient":""}},"ast-content-background-meta":{"desktop":{"background-color":"var(--ast-global-color-5)","background-image":"","background-repeat":"repeat","background-position":"center center","background-size":"auto","background-attachment":"scroll","background-type":"","background-media":"","overlay-type":"","overlay-color":"","overlay-opacity":"","overlay-gradient":""},"tablet":{"background-color":"var(--ast-global-color-5)","background-image":"","background-repeat":"repeat","background-position":"center center","background-size":"auto","background-attachment":"scroll","background-type":"","background-media":"","overlay-type":"","overlay-color":"","overlay-opacity":"","overlay-gradient":""},"mobile":{"background-color":"var(--ast-global-color-5)","background-image":"","background-repeat":"repeat","background-position":"center center","background-size":"auto","background-attachment":"scroll","background-type":"","background-media":"","overlay-type":"","overlay-color":"","overlay-opacity":"","overlay-gradient":""}}},"product_brand":[],"product_cat":[65,39,31],"product_tag":[],"class_list":{"0":"post-3480","1":"product","2":"type-product","3":"status-publish","4":"has-post-thumbnail","6":"product_cat-grocery","7":"product_cat-noodles","8":"product_cat-chips","9":"desktop-align-center","10":"tablet-align-left","11":"mobile-align-left","13":"first","14":"instock","15":"shipping-taxable","16":"purchasable","17":"product-type-simple"},"supplier_id":null,"supplier_sku":"","barcode":null,"atum_controlled":true,"out_stock_date":null,"out_stock_threshold":null,"inheritable":false,"inbound_stock":0,"stock_on_hold":3,"sold_today":0,"sales_last_days":2,"reserved_stock":0,"customer_returns":0,"warehouse_damage":0,"lost_in_post":0,"other_logs":0,"out_stock_days":0,"lost_sales":0,"has_location":false,"update_date":"2026-04-11T00:29:01","atum_locations":[],"atum_stock_status":"instock","restock_status":false,"low_stock_amount":"","sales_update_date":"2026-04-11T00:29:01","calc_backorders":null,"_links":{"self":[{"href":"https:\/\/chocolaeg.com\/index.php\/wp-json\/wp\/v2\/product\/3480","targetHints":{"allow":["GET"]}}],"collection":[{"href":"https:\/\/chocolaeg.com\/index.php\/wp-json\/wp\/v2\/product"}],"about":[{"href":"https:\/\/chocolaeg.com\/index.php\/wp-json\/wp\/v2\/types\/product"}],"wp:featuredmedia":[{"embeddable":true,"href":"https:\/\/chocolaeg.com\/index.php\/wp-json\/wp\/v2\/media\/39897"}],"wp:attachment":[{"href":"https:\/\/chocolaeg.com\/index.php\/wp-json\/wp\/v2\/media?parent=3480"}],"wp:term":[{"taxonomy":"product_brand","embeddable":true,"href":"https:\/\/chocolaeg.com\/index.php\/wp-json\/wp\/v2\/product_brand?post=3480"},{"taxonomy":"product_cat","embeddable":true,"href":"https:\/\/chocolaeg.com\/index.php\/wp-json\/wp\/v2\/product_cat?post=3480"},{"taxonomy":"product_tag","embeddable":true,"href":"https:\/\/chocolaeg.com\/index.php\/wp-json\/wp\/v2\/product_tag?post=3480"}],"curies":[{"name":"wp","href":"https:\/\/api.w.org\/{rel}","templated":true}]}}