{"id":3553,"date":"2023-01-30T16:59:41","date_gmt":"2023-01-30T16:59:41","guid":{"rendered":"http:\/\/chocolaeg.com\/?post_type=product&#038;p=3553"},"modified":"2026-02-23T23:20:36","modified_gmt":"2026-02-23T23:20:36","slug":"johny-bee-gum-powder","status":"publish","type":"product","link":"https:\/\/chocolaeg.com\/index.php\/product\/johny-bee-gum-powder\/","title":{"rendered":"Latiao Spicy Explorer"},"content":{"rendered":"<p>Chinese spicy snack called Bawang Qingren Si (\u9738\u738b\u60c5\u4eba\u4e1d), a type of seasoned flour product commonly known as latiao.<br \/>\nBrand Name : The brand is &#8220;\u7a46\u4eb2\u658b&#8221; (M\u00f9 Q\u012bn Zh\u0101i).<br \/>\nProduct Type : It is a &#8220;seasoned flour product&#8221; (\u8c03\u5473\u9762\u5236\u54c1).<br \/>\nFlavor Profile : Latiao snacks are known for their unique blend of hot, numbing, and sometimes sweet flavors.<br \/>\nIngredients : They are typically made from wheat flour, vegetable oil, water, salt, sugar, pepper, and various spices.<br \/>\nDietary Information : The package is marked as Halal food (\u6e05\u771f\u98df\u54c1).<\/p>\n","protected":false},"excerpt":{"rendered":"<p>Chinese spicy snack called Bawang Qingren Si (\u9738\u738b\u60c5\u4eba\u4e1d), a type of seasoned flour product commonly known as latiao. Brand Name : The brand is &#8220;\u7a46\u4eb2\u658b&#8221; (M\u00f9 Q\u012bn Zh\u0101i). Product Type : It is a &#8220;seasoned flour product&#8221; (\u8c03\u5473\u9762\u5236\u54c1). Flavor Profile : Latiao snacks are known for their unique blend of hot, numbing, and sometimes sweet [&hellip;]<\/p>\n","protected":false},"featured_media":39900,"template":"","meta":{"site-sidebar-layout":"default","site-content-layout":"","ast-site-content-layout":"default","site-content-style":"default","site-sidebar-style":"default","ast-global-header-display":"","ast-banner-title-visibility":"","ast-main-header-display":"","ast-hfb-above-header-display":"","ast-hfb-below-header-display":"","ast-hfb-mobile-header-display":"","site-post-title":"","ast-breadcrumbs-content":"","ast-featured-img":"","footer-sml-layout":"","ast-disable-related-posts":"","theme-transparent-header-meta":"default","adv-header-id-meta":"","stick-header-meta":"","header-above-stick-meta":"","header-main-stick-meta":"","header-below-stick-meta":"","astra-migrate-meta-layouts":"set","ast-page-background-enabled":"default","ast-page-background-meta":{"desktop":{"background-color":"var(--ast-global-color-4)","background-image":"","background-repeat":"repeat","background-position":"center center","background-size":"auto","background-attachment":"scroll","background-type":"","background-media":"","overlay-type":"","overlay-color":"","overlay-opacity":"","overlay-gradient":""},"tablet":{"background-color":"","background-image":"","background-repeat":"repeat","background-position":"center center","background-size":"auto","background-attachment":"scroll","background-type":"","background-media":"","overlay-type":"","overlay-color":"","overlay-opacity":"","overlay-gradient":""},"mobile":{"background-color":"","background-image":"","background-repeat":"repeat","background-position":"center center","background-size":"auto","background-attachment":"scroll","background-type":"","background-media":"","overlay-type":"","overlay-color":"","overlay-opacity":"","overlay-gradient":""}},"ast-content-background-meta":{"desktop":{"background-color":"var(--ast-global-color-5)","background-image":"","background-repeat":"repeat","background-position":"center center","background-size":"auto","background-attachment":"scroll","background-type":"","background-media":"","overlay-type":"","overlay-color":"","overlay-opacity":"","overlay-gradient":""},"tablet":{"background-color":"var(--ast-global-color-5)","background-image":"","background-repeat":"repeat","background-position":"center center","background-size":"auto","background-attachment":"scroll","background-type":"","background-media":"","overlay-type":"","overlay-color":"","overlay-opacity":"","overlay-gradient":""},"mobile":{"background-color":"var(--ast-global-color-5)","background-image":"","background-repeat":"repeat","background-position":"center center","background-size":"auto","background-attachment":"scroll","background-type":"","background-media":"","overlay-type":"","overlay-color":"","overlay-opacity":"","overlay-gradient":""}}},"product_brand":[],"product_cat":[65,39,31],"product_tag":[],"class_list":{"0":"post-3553","1":"product","2":"type-product","3":"status-publish","4":"has-post-thumbnail","6":"product_cat-grocery","7":"product_cat-noodles","8":"product_cat-chips","9":"desktop-align-center","10":"tablet-align-left","11":"mobile-align-left","13":"first","14":"outofstock","15":"shipping-taxable","16":"purchasable","17":"product-type-simple"},"supplier_id":null,"supplier_sku":"","barcode":null,"atum_controlled":true,"out_stock_date":"2026-02-23 23:20:36","out_stock_threshold":null,"inheritable":false,"inbound_stock":0,"stock_on_hold":1,"sold_today":0,"sales_last_days":0,"reserved_stock":0,"customer_returns":0,"warehouse_damage":0,"lost_in_post":0,"other_logs":0,"out_stock_days":51,"lost_sales":1092.857143,"has_location":false,"update_date":"2026-04-16T00:30:43","atum_locations":[],"atum_stock_status":"outofstock","restock_status":false,"low_stock_amount":"","sales_update_date":"2026-04-16T00:30:43","calc_backorders":null,"_links":{"self":[{"href":"https:\/\/chocolaeg.com\/index.php\/wp-json\/wp\/v2\/product\/3553","targetHints":{"allow":["GET"]}}],"collection":[{"href":"https:\/\/chocolaeg.com\/index.php\/wp-json\/wp\/v2\/product"}],"about":[{"href":"https:\/\/chocolaeg.com\/index.php\/wp-json\/wp\/v2\/types\/product"}],"wp:featuredmedia":[{"embeddable":true,"href":"https:\/\/chocolaeg.com\/index.php\/wp-json\/wp\/v2\/media\/39900"}],"wp:attachment":[{"href":"https:\/\/chocolaeg.com\/index.php\/wp-json\/wp\/v2\/media?parent=3553"}],"wp:term":[{"taxonomy":"product_brand","embeddable":true,"href":"https:\/\/chocolaeg.com\/index.php\/wp-json\/wp\/v2\/product_brand?post=3553"},{"taxonomy":"product_cat","embeddable":true,"href":"https:\/\/chocolaeg.com\/index.php\/wp-json\/wp\/v2\/product_cat?post=3553"},{"taxonomy":"product_tag","embeddable":true,"href":"https:\/\/chocolaeg.com\/index.php\/wp-json\/wp\/v2\/product_tag?post=3553"}],"curies":[{"name":"wp","href":"https:\/\/api.w.org\/{rel}","templated":true}]}}