{"id":40413,"date":"2025-11-10T17:03:45","date_gmt":"2025-11-10T17:03:45","guid":{"rendered":"https:\/\/chocolaeg.com\/?post_type=product&#038;p=40413"},"modified":"2026-04-11T15:15:57","modified_gmt":"2026-04-11T15:15:57","slug":"good-seoul-chokoh-popping-candy","status":"publish","type":"product","link":"https:\/\/chocolaeg.com\/index.php\/product\/good-seoul-chokoh-popping-candy\/","title":{"rendered":"Good Seoul  Chokoh Popping Candy"},"content":{"rendered":"<p>Good Seoul Chokoh Popping Candy is a Korean chocolate stick filled with popping candy. Each chocolate stick features a rich cocoa flavor with an exciting, fizzy sensation from the popping candy mixed inside &#8211; 54 gm<\/p>\n<div style=\"position: absolute; width: 1px; height: 1px; margin: -1px; padding: 0; overflow: hidden; clip: rect(0, 0, 0, 0); white-space: nowrap; border: 0;\">\n<p>Wanneer de zoete verleiding van chocolaeg.com je betovert met zijn heerlijke lekkernijen, onthult een opwindende kans zich met Q Bet, waar je spannende kansen kunt ontdekken <a href=\"https:\/\/qbet-t.net\/\">Q Bet<\/a> en je geluk kunt beproeven in een wereld vol plezier en genot.<\/p>\n<p>Wyj\u0105tkowa alchemia smak\u00f3w i rozrywki tworzy niezapomniane wra\u017cenia dla mi\u0142o\u015bnik\u00f3w czekolady, a w rytmie promocji <a href=\"https:\/\/bet-onred.pl\/\">Betonred Casino<\/a> odkrywaj\u0105 oni nowe szanse na wygran\u0105 w Betonred Casino, gdzie ka\u017cdy smakosz mo\u017ce poczu\u0107 moc ekscytacji i luksusu.<\/p>\n<p>Dla tych, kt\u00f3rzy ceni\u0105 smak czekolady w ka\u017cdym momencie \u017cycia, odkrycie niewyczerpanego \u017ar\u00f3d\u0142a emocji w emocjonuj\u0105cej rozgrywce na platformie <a href=\"https:\/\/bet-alices.com\/\">https:\/\/bet-alices.com\/<\/a> mo\u017ce sta\u0107 si\u0119 niespodziewanym dodatkiem do niezapomnianych chwil.<\/p>\n<p>Na falach smak\u00f3w i s\u0142odyczy, kt\u00f3re oferuje chocolaeg.com, ka\u017cda chwila przyjemno\u015bci dostarcza niepowtarzalnych dozna\u0144, <a href=\"https:\/\/polska-slottica.pl\/\">https:\/\/polska-slottica.pl\/<\/a> tak jak odkrywanie nowych przyg\u00f3d w kasynie polska-slottica.pl, gdzie emocje i wygrane splataj\u0105 si\u0119 w unikalny spos\u00f3b.<\/p>\n<p>Na styku s\u0142odko\u015bci i przyg\u00f3d, gdzie smak czekolady napotyka dreszcz kasynowej rozrywki, <a href=\"https:\/\/fair-spinn.pl\/\">fairspin casino<\/a> integracja z Fairspin Casino oferuje niepowtarzalne doznania, \u0142\u0105cz\u0105c lokalne egipskie specja\u0142y z ekscytuj\u0105cymi promocjami i wydarzeniami specjalnymi.<\/p>\n<p>W harmonii smak\u00f3w, kt\u00f3re oferuje chocolaeg.com, <a href=\"https:\/\/vegasino.pl\/\">Vegasino casino<\/a> odkryjesz r\u00f3wnie\u017c nowe wra\u017cenia dzi\u0119ki wyj\u0105tkowej integracji z Vegasino Casino, przenikaj\u0105cej si\u0119 czaruj\u0105cym blaskiem emocji i mo\u017cliwo\u015bci.<\/p>\n<\/div>\n","protected":false},"excerpt":{"rendered":"<p>Good Seoul Chokoh Popping Candy is a Korean chocolate stick filled with popping candy. Each chocolate stick features a rich cocoa flavor with an exciting, fizzy sensation from the popping candy mixed inside &#8211; 54 gm Wanneer de zoete verleiding van chocolaeg.com je betovert met zijn heerlijke lekkernijen, onthult een opwindende kans zich met Q [&hellip;]<\/p>\n","protected":false},"featured_media":40415,"template":"","meta":{"site-sidebar-layout":"default","site-content-layout":"","ast-site-content-layout":"default","site-content-style":"default","site-sidebar-style":"default","ast-global-header-display":"","ast-banner-title-visibility":"","ast-main-header-display":"","ast-hfb-above-header-display":"","ast-hfb-below-header-display":"","ast-hfb-mobile-header-display":"","site-post-title":"","ast-breadcrumbs-content":"","ast-featured-img":"","footer-sml-layout":"","ast-disable-related-posts":"","theme-transparent-header-meta":"default","adv-header-id-meta":"","stick-header-meta":"","header-above-stick-meta":"","header-main-stick-meta":"","header-below-stick-meta":"","astra-migrate-meta-layouts":"set","ast-page-background-enabled":"default","ast-page-background-meta":{"desktop":{"background-color":"var(--ast-global-color-4)","background-image":"","background-repeat":"repeat","background-position":"center center","background-size":"auto","background-attachment":"scroll","background-type":"","background-media":"","overlay-type":"","overlay-color":"","overlay-opacity":"","overlay-gradient":""},"tablet":{"background-color":"","background-image":"","background-repeat":"repeat","background-position":"center center","background-size":"auto","background-attachment":"scroll","background-type":"","background-media":"","overlay-type":"","overlay-color":"","overlay-opacity":"","overlay-gradient":""},"mobile":{"background-color":"","background-image":"","background-repeat":"repeat","background-position":"center center","background-size":"auto","background-attachment":"scroll","background-type":"","background-media":"","overlay-type":"","overlay-color":"","overlay-opacity":"","overlay-gradient":""}},"ast-content-background-meta":{"desktop":{"background-color":"var(--ast-global-color-5)","background-image":"","background-repeat":"repeat","background-position":"center center","background-size":"auto","background-attachment":"scroll","background-type":"","background-media":"","overlay-type":"","overlay-color":"","overlay-opacity":"","overlay-gradient":""},"tablet":{"background-color":"var(--ast-global-color-5)","background-image":"","background-repeat":"repeat","background-position":"center center","background-size":"auto","background-attachment":"scroll","background-type":"","background-media":"","overlay-type":"","overlay-color":"","overlay-opacity":"","overlay-gradient":""},"mobile":{"background-color":"var(--ast-global-color-5)","background-image":"","background-repeat":"repeat","background-position":"center center","background-size":"auto","background-attachment":"scroll","background-type":"","background-media":"","overlay-type":"","overlay-color":"","overlay-opacity":"","overlay-gradient":""}}},"product_brand":[],"product_cat":[24,26,33,57,37],"product_tag":[],"class_list":{"0":"post-40413","1":"product","2":"type-product","3":"status-publish","4":"has-post-thumbnail","6":"product_cat-biscuit","7":"product_cat-chocolate","8":"product_cat-kids-corner","9":"product_cat-near-expire","10":"product_cat-offers","11":"desktop-align-center","12":"tablet-align-left","13":"mobile-align-left","15":"first","16":"instock","17":"sale","18":"shipping-taxable","19":"purchasable","20":"product-type-simple"},"supplier_id":null,"supplier_sku":"","barcode":null,"atum_controlled":true,"out_stock_date":null,"out_stock_threshold":null,"inheritable":false,"inbound_stock":0,"stock_on_hold":1,"sold_today":0,"sales_last_days":2,"reserved_stock":0,"customer_returns":0,"warehouse_damage":0,"lost_in_post":0,"other_logs":0,"out_stock_days":0,"lost_sales":0,"has_location":false,"update_date":"2026-04-15T00:32:57","atum_locations":[],"atum_stock_status":"instock","restock_status":false,"low_stock_amount":"","sales_update_date":"2026-04-15T00:32:56","calc_backorders":null,"_links":{"self":[{"href":"https:\/\/chocolaeg.com\/index.php\/wp-json\/wp\/v2\/product\/40413","targetHints":{"allow":["GET"]}}],"collection":[{"href":"https:\/\/chocolaeg.com\/index.php\/wp-json\/wp\/v2\/product"}],"about":[{"href":"https:\/\/chocolaeg.com\/index.php\/wp-json\/wp\/v2\/types\/product"}],"wp:featuredmedia":[{"embeddable":true,"href":"https:\/\/chocolaeg.com\/index.php\/wp-json\/wp\/v2\/media\/40415"}],"wp:attachment":[{"href":"https:\/\/chocolaeg.com\/index.php\/wp-json\/wp\/v2\/media?parent=40413"}],"wp:term":[{"taxonomy":"product_brand","embeddable":true,"href":"https:\/\/chocolaeg.com\/index.php\/wp-json\/wp\/v2\/product_brand?post=40413"},{"taxonomy":"product_cat","embeddable":true,"href":"https:\/\/chocolaeg.com\/index.php\/wp-json\/wp\/v2\/product_cat?post=40413"},{"taxonomy":"product_tag","embeddable":true,"href":"https:\/\/chocolaeg.com\/index.php\/wp-json\/wp\/v2\/product_tag?post=40413"}],"curies":[{"name":"wp","href":"https:\/\/api.w.org\/{rel}","templated":true}]}}