{"id":41826,"date":"2025-12-17T15:12:55","date_gmt":"2025-12-17T15:12:55","guid":{"rendered":"https:\/\/chocolaeg.com\/?post_type=product&#038;p=41826"},"modified":"2026-04-18T12:58:48","modified_gmt":"2026-04-18T12:58:48","slug":"lindt-creation-petis-desserts-413g","status":"publish","type":"product","link":"https:\/\/chocolaeg.com\/index.php\/product\/lindt-creation-petis-desserts-413g\/","title":{"rendered":"Lindt Creation Petis Desserts 413g"},"content":{"rendered":"<p>Lindt Creation Petits Desserts 413 gm is an assorted collection of milk, dark, and white Swiss chocolates inspired by popular dessert recipes, available in a gift box. The box typically contains 40 or 41 pieces of seven different flavors.<br \/>\nThe collection features a variety of gourmet flavors crafted by Lindt Ma\u00eetre Chocolatiers, designed to evoke classic desserts.<br \/>\nFlavors : The assortment includes unique flavors such as:<br \/>\nChocolate Fondant &#8211;<\/p>\n<p>Cr\u00e8me Br\u00fbl\u00e9e &#8211; \u00c9clair Caramel &#8211; Hazelnut (Entremets) &#8211; Meringue &#8211; Millefeuille &#8211; Tiramisu<\/p>\n","protected":false},"excerpt":{"rendered":"<p>Lindt Creation Petits Desserts 413 gm is an assorted collection of milk, dark, and white Swiss chocolates inspired by popular dessert recipes, available in a gift box. The box typically contains 40 or 41 pieces of seven different flavors. The collection features a variety of gourmet flavors crafted by Lindt Ma\u00eetre Chocolatiers, designed to evoke [&hellip;]<\/p>\n","protected":false},"featured_media":41827,"template":"","meta":{"site-sidebar-layout":"default","site-content-layout":"","ast-site-content-layout":"default","site-content-style":"default","site-sidebar-style":"default","ast-global-header-display":"","ast-banner-title-visibility":"","ast-main-header-display":"","ast-hfb-above-header-display":"","ast-hfb-below-header-display":"","ast-hfb-mobile-header-display":"","site-post-title":"","ast-breadcrumbs-content":"","ast-featured-img":"","footer-sml-layout":"","ast-disable-related-posts":"","theme-transparent-header-meta":"default","adv-header-id-meta":"","stick-header-meta":"","header-above-stick-meta":"","header-main-stick-meta":"","header-below-stick-meta":"","astra-migrate-meta-layouts":"set","ast-page-background-enabled":"default","ast-page-background-meta":{"desktop":{"background-color":"var(--ast-global-color-4)","background-image":"","background-repeat":"repeat","background-position":"center center","background-size":"auto","background-attachment":"scroll","background-type":"","background-media":"","overlay-type":"","overlay-color":"","overlay-opacity":"","overlay-gradient":""},"tablet":{"background-color":"","background-image":"","background-repeat":"repeat","background-position":"center center","background-size":"auto","background-attachment":"scroll","background-type":"","background-media":"","overlay-type":"","overlay-color":"","overlay-opacity":"","overlay-gradient":""},"mobile":{"background-color":"","background-image":"","background-repeat":"repeat","background-position":"center center","background-size":"auto","background-attachment":"scroll","background-type":"","background-media":"","overlay-type":"","overlay-color":"","overlay-opacity":"","overlay-gradient":""}},"ast-content-background-meta":{"desktop":{"background-color":"var(--ast-global-color-5)","background-image":"","background-repeat":"repeat","background-position":"center center","background-size":"auto","background-attachment":"scroll","background-type":"","background-media":"","overlay-type":"","overlay-color":"","overlay-opacity":"","overlay-gradient":""},"tablet":{"background-color":"var(--ast-global-color-5)","background-image":"","background-repeat":"repeat","background-position":"center center","background-size":"auto","background-attachment":"scroll","background-type":"","background-media":"","overlay-type":"","overlay-color":"","overlay-opacity":"","overlay-gradient":""},"mobile":{"background-color":"var(--ast-global-color-5)","background-image":"","background-repeat":"repeat","background-position":"center center","background-size":"auto","background-attachment":"scroll","background-type":"","background-media":"","overlay-type":"","overlay-color":"","overlay-opacity":"","overlay-gradient":""}}},"product_brand":[],"product_cat":[41,26,69],"product_tag":[],"class_list":{"0":"post-41826","1":"product","2":"type-product","3":"status-publish","4":"has-post-thumbnail","6":"product_cat-boxes","7":"product_cat-chocolate","8":"product_cat-christmas-time","9":"desktop-align-center","10":"tablet-align-left","11":"mobile-align-left","13":"first","14":"outofstock","15":"shipping-taxable","16":"purchasable","17":"product-type-simple"},"supplier_id":null,"supplier_sku":"","barcode":null,"atum_controlled":true,"out_stock_date":"2026-04-16 08:20:53","out_stock_threshold":null,"inheritable":false,"inbound_stock":0,"stock_on_hold":2,"sold_today":0,"sales_last_days":1,"reserved_stock":0,"customer_returns":0,"warehouse_damage":0,"lost_in_post":0,"other_logs":0,"out_stock_days":13,"lost_sales":7428.571429,"has_location":false,"update_date":"2026-04-30T00:05:20","atum_locations":[],"atum_stock_status":"outofstock","restock_status":false,"low_stock_amount":"","sales_update_date":"2026-04-30T00:05:19","calc_backorders":null,"_links":{"self":[{"href":"https:\/\/chocolaeg.com\/index.php\/wp-json\/wp\/v2\/product\/41826","targetHints":{"allow":["GET"]}}],"collection":[{"href":"https:\/\/chocolaeg.com\/index.php\/wp-json\/wp\/v2\/product"}],"about":[{"href":"https:\/\/chocolaeg.com\/index.php\/wp-json\/wp\/v2\/types\/product"}],"wp:featuredmedia":[{"embeddable":true,"href":"https:\/\/chocolaeg.com\/index.php\/wp-json\/wp\/v2\/media\/41827"}],"wp:attachment":[{"href":"https:\/\/chocolaeg.com\/index.php\/wp-json\/wp\/v2\/media?parent=41826"}],"wp:term":[{"taxonomy":"product_brand","embeddable":true,"href":"https:\/\/chocolaeg.com\/index.php\/wp-json\/wp\/v2\/product_brand?post=41826"},{"taxonomy":"product_cat","embeddable":true,"href":"https:\/\/chocolaeg.com\/index.php\/wp-json\/wp\/v2\/product_cat?post=41826"},{"taxonomy":"product_tag","embeddable":true,"href":"https:\/\/chocolaeg.com\/index.php\/wp-json\/wp\/v2\/product_tag?post=41826"}],"curies":[{"name":"wp","href":"https:\/\/api.w.org\/{rel}","templated":true}]}}