{"id":9599,"date":"2023-06-12T13:53:27","date_gmt":"2023-06-12T13:53:27","guid":{"rendered":"https:\/\/chocolaeg.com\/?post_type=product&#038;p=9599"},"modified":"2026-04-11T16:59:14","modified_gmt":"2026-04-11T16:59:14","slug":"despacito-dark-espresso","status":"publish","type":"product","link":"https:\/\/chocolaeg.com\/index.php\/product\/despacito-dark-espresso\/","title":{"rendered":"Gullon Fibra 250g"},"content":{"rendered":"<p><strong>Gull\u00f3n Fibra Sem A\u00e7\u00facares Adicionados<\/strong> (Sugar-Free Fiber) biscuits 250gm. These are high-fiber cookies made with high-oleic sunflower oil and contain no added sugars, using maltitol as a sweetener.<\/p>\n<ul>\n<li><strong>Fiber Content<\/strong>: These biscuits are marketed as providing 25% of your recommended fiber intake in 5 biscuits.<\/li>\n<li><strong>Ingredients<\/strong>: Primary ingredients typically include whole wheat flour (approx. 58%), vegetable oil (high oleic sunflower), and vegetable fibers (pea, inulin).<\/li>\n<li><strong>Sweetener<\/strong>: Uses maltitol instead of sugar. Note that excessive consumption may have a laxative effect.<\/li>\n<li><strong>Dietary Compatibility<\/strong>: Generally suitable for vegetarians and vegans<\/li>\n<\/ul>\n","protected":false},"excerpt":{"rendered":"<p>Gull\u00f3n Fibra Sem A\u00e7\u00facares Adicionados (Sugar-Free Fiber) biscuits 250gm. These are high-fiber cookies made with high-oleic sunflower oil and contain no added sugars, using maltitol as a sweetener. Fiber Content: These biscuits are marketed as providing 25% of your recommended fiber intake in 5 biscuits. Ingredients: Primary ingredients typically include whole wheat flour (approx. 58%), [&hellip;]<\/p>\n","protected":false},"featured_media":53260,"template":"","meta":{"site-sidebar-layout":"default","site-content-layout":"","ast-site-content-layout":"default","site-content-style":"default","site-sidebar-style":"default","ast-global-header-display":"","ast-banner-title-visibility":"","ast-main-header-display":"","ast-hfb-above-header-display":"","ast-hfb-below-header-display":"","ast-hfb-mobile-header-display":"","site-post-title":"","ast-breadcrumbs-content":"","ast-featured-img":"","footer-sml-layout":"","ast-disable-related-posts":"","theme-transparent-header-meta":"default","adv-header-id-meta":"","stick-header-meta":"","header-above-stick-meta":"","header-main-stick-meta":"","header-below-stick-meta":"","astra-migrate-meta-layouts":"set","ast-page-background-enabled":"default","ast-page-background-meta":{"desktop":{"background-color":"var(--ast-global-color-4)","background-image":"","background-repeat":"repeat","background-position":"center center","background-size":"auto","background-attachment":"scroll","background-type":"","background-media":"","overlay-type":"","overlay-color":"","overlay-opacity":"","overlay-gradient":""},"tablet":{"background-color":"","background-image":"","background-repeat":"repeat","background-position":"center center","background-size":"auto","background-attachment":"scroll","background-type":"","background-media":"","overlay-type":"","overlay-color":"","overlay-opacity":"","overlay-gradient":""},"mobile":{"background-color":"","background-image":"","background-repeat":"repeat","background-position":"center center","background-size":"auto","background-attachment":"scroll","background-type":"","background-media":"","overlay-type":"","overlay-color":"","overlay-opacity":"","overlay-gradient":""}},"ast-content-background-meta":{"desktop":{"background-color":"var(--ast-global-color-5)","background-image":"","background-repeat":"repeat","background-position":"center center","background-size":"auto","background-attachment":"scroll","background-type":"","background-media":"","overlay-type":"","overlay-color":"","overlay-opacity":"","overlay-gradient":""},"tablet":{"background-color":"var(--ast-global-color-5)","background-image":"","background-repeat":"repeat","background-position":"center center","background-size":"auto","background-attachment":"scroll","background-type":"","background-media":"","overlay-type":"","overlay-color":"","overlay-opacity":"","overlay-gradient":""},"mobile":{"background-color":"var(--ast-global-color-5)","background-image":"","background-repeat":"repeat","background-position":"center center","background-size":"auto","background-attachment":"scroll","background-type":"","background-media":"","overlay-type":"","overlay-color":"","overlay-opacity":"","overlay-gradient":""}}},"product_brand":[],"product_cat":[24,65,25,33],"product_tag":[],"class_list":{"0":"post-9599","1":"product","2":"type-product","3":"status-publish","4":"has-post-thumbnail","6":"product_cat-biscuit","7":"product_cat-grocery","8":"product_cat-healthy","9":"product_cat-kids-corner","10":"desktop-align-center","11":"tablet-align-left","12":"mobile-align-left","14":"first","15":"instock","16":"shipping-taxable","17":"purchasable","18":"product-type-simple"},"supplier_id":null,"supplier_sku":"","barcode":null,"atum_controlled":true,"out_stock_date":null,"out_stock_threshold":null,"inheritable":false,"inbound_stock":0,"stock_on_hold":2,"sold_today":2,"sales_last_days":8,"reserved_stock":0,"customer_returns":0,"warehouse_damage":0,"lost_in_post":0,"other_logs":0,"out_stock_days":0,"lost_sales":0,"has_location":false,"update_date":"2026-04-11T16:59:30","atum_locations":[],"atum_stock_status":"instock","restock_status":false,"low_stock_amount":"","sales_update_date":"2026-04-11T16:59:29","calc_backorders":null,"_links":{"self":[{"href":"https:\/\/chocolaeg.com\/index.php\/wp-json\/wp\/v2\/product\/9599","targetHints":{"allow":["GET"]}}],"collection":[{"href":"https:\/\/chocolaeg.com\/index.php\/wp-json\/wp\/v2\/product"}],"about":[{"href":"https:\/\/chocolaeg.com\/index.php\/wp-json\/wp\/v2\/types\/product"}],"wp:featuredmedia":[{"embeddable":true,"href":"https:\/\/chocolaeg.com\/index.php\/wp-json\/wp\/v2\/media\/53260"}],"wp:attachment":[{"href":"https:\/\/chocolaeg.com\/index.php\/wp-json\/wp\/v2\/media?parent=9599"}],"wp:term":[{"taxonomy":"product_brand","embeddable":true,"href":"https:\/\/chocolaeg.com\/index.php\/wp-json\/wp\/v2\/product_brand?post=9599"},{"taxonomy":"product_cat","embeddable":true,"href":"https:\/\/chocolaeg.com\/index.php\/wp-json\/wp\/v2\/product_cat?post=9599"},{"taxonomy":"product_tag","embeddable":true,"href":"https:\/\/chocolaeg.com\/index.php\/wp-json\/wp\/v2\/product_tag?post=9599"}],"curies":[{"name":"wp","href":"https:\/\/api.w.org\/{rel}","templated":true}]}}